{"id":5124,"date":"2021-09-01T17:13:56","date_gmt":"2021-09-01T15:13:56","guid":{"rendered":"https:\/\/products.astrelgroup.com\/policy-privacy\/"},"modified":"2025-05-12T16:45:02","modified_gmt":"2025-05-12T14:45:02","slug":"policy-privacy-en","status":"publish","type":"page","link":"https:\/\/products.linx.it\/en\/policy-privacy-en\/","title":{"rendered":"Policy Privacy"},"content":{"rendered":"<section class=\"l-section wpb_row height_large\"><div class=\"l-section-h i-cf\"><div class=\"g-cols vc_row via_flex valign_top type_default stacking_default\"><div class=\"vc_col-sm-12 wpb_column vc_column_container\"><div class=\"vc_column-inner\"><div class=\"wpb_wrapper\"><h2 class=\"w-post-elm post_title entry-title color_link_inherit\">Policy Privacy<\/h2><div class=\"wpb_text_column\"><div class=\"wpb_wrapper\"><p><em>Data ultimo aggiornamento 12.05.2025<\/em><\/p>\n<p>Con il presente documento la <span>LINX SRL<\/span>, raggiungibile al sito products.linx.it (d\u2019ora in poi, \u201cSito\u201d), informa l\u2019interessato (Utente) che i suoi dati personali, relativi alla navigazione all\u2019interno del Sito medesimo, con accesso diretto dalla homepage oppure attraverso sottopagine, saranno trattati con massima cura e con strumenti atti a garantirne idonea sicurezza. Si specifica che la presente informativa \u2013 conforme a quanto stabilito dagli artt. 13 e 14 del Regolamento EU 679\/2016 \u2013 non \u00e8 da considerarsi valida per altri siti web eventualmente consultabili tramite i link ivi presenti.<\/p>\n<h3>1. Titolare del Trattamento dei Dati<\/h3>\n<p><span>LINX SRL<\/span> con sede in <span>Via Don Egidio Peruzzi 28\/D<\/span>, P.IVA <span>IT 02349200242<\/span><br \/>\nIndirizzo email a cui \u00e8 possibile contattare il Titolare del trattamento:\u00a0<a href=\"mailto:ecommerce@linx.it\">ecommerce@linx.it<\/a>.<\/p>\n<h3>2. Tipologie di Dati raccolti<\/h3>\n<p>Fra i Dati Personali raccolti, in modo autonomo o tramite terze parti, ci sono: Cookie, Dati di utilizzo, email, nome, cognome, username, identificatori univoci di dispositivi per la pubblicit\u00e0 (es. Google), posizione geografica e lingua.<br \/>\nDettagli completi su ciascuna tipologia di dati raccolti sono forniti nelle varie sezioni dedicate di questa privacy policy o mediante specifici testi informativi visualizzati prima della raccolta dei dati stessi.<\/p>\n<p>I Dati Personali possono essere liberamente forniti dall&#8217;Utente o, nel caso di Dati di Utilizzo, raccolti automaticamente durante l&#8217;uso di questo sito.<br \/>\nSe non diversamente specificato, tutti i Dati richiesti dal presente sito web sono obbligatori. Se l\u2019Utente rifiuta di comunicarli, potrebbe essere impossibile per questo sito fornire il Servizio richiesto e per cui lo si accede. Tuttavia, nel caso in cui alcuni form presenti sul sito web indichino alcuni Dati come facoltativi, gli Utenti sono liberi di astenersi dal comunicare tali Dati, senza che ci\u00f2 abbia alcuna conseguenza sulla disponibilit\u00e0 del Servizio o sulla sua operativit\u00e0.<\/p>\n<p>L\u2019eventuale utilizzo di Cookie &#8211; o di altri strumenti di tracciamento &#8211; da parte di questo sito o dei titolari dei servizi terzi utilizzati, ove non diversamente precisato, ha la finalit\u00e0 di fornire il Servizio richiesto dall&#8217;Utente, oltre alle ulteriori finalit\u00e0 descritte nel presente documento e nella Cookie Policy, se disponibile.<\/p>\n<p>L&#8217;Utente si assume la responsabilit\u00e0 dei Dati Personali comunicati, pubblicati o condivisi mediante il sito e garantisce di dichiarare il vero, liberando il Titolare da qualsiasi responsabilit\u00e0 verso terzi.<\/p>\n<h3>3. Finalit\u00e0 del trattamento dei dati.<\/h3>\n<p>Il trattamento dei dati dell\u2019Utente viene effettuato per le seguenti finalit\u00e0:<br \/>\n&#8211; raccolta dei dati personali immessi e inviati volontariamente dall\u2019Utente attraverso la compilazione del \u201cform Contatti\u201d e del \u201cform Crea un Account\u201d predisposti all\u2019interno del Sito;<br \/>\n&#8211; raccolta di dati inviati volontariamente dall\u2019Utente per mezzo di e-mail agli indirizzi indicati nel Sito;<br \/>\n&#8211; riscontro a richieste di informazioni e avvio di rapporti pre-contrattuali, attraverso anche la gestione del carrello di acquisto;<br \/>\n&#8211; permettere l\u2019iscrizione al servizio di newsletter fornito dal Titolare;<br \/>\n&#8211; prevenire o scoprire attivit\u00e0 fraudolente o abusi dannosi per il sito web;<br \/>\n&#8211; esercitare i diritti del Titolare, ad esempio il diritto di difesa in giudizio.<\/p>\n<h3>4. Base giuridica del trattamento<\/h3>\n<p>Il trattamento dei dati personali si fonda sul diritto di informazione, sull\u2019adempimento degli obblighi contrattuali o di contatto sociale, ovvero laddove necessario sul consenso mediante la libera e consapevole compilazione degli appositi campi informativi nei form dedicati.<\/p>\n<h3>5. Modalit\u00e0 e luogo del trattamento dei Dati raccolti<\/h3>\n<p><strong>Modalit\u00e0 di trattamento<\/strong><br \/>\nIl Titolare adotta le opportune misure di sicurezza volte ad impedire l\u2019accesso, la divulgazione, la modifica o la distruzione non autorizzate dei Dati Personali.<br \/>\nIl trattamento viene effettuato mediante strumenti informatici e\/o telematici, con modalit\u00e0 organizzative e con logiche strettamente correlate alle finalit\u00e0 indicate.<br \/>\nOltre al Titolare, in alcuni casi, potrebbero avere accesso ai Dati altri soggetti coinvolti nell\u2019organizzazione della <span>LINX SRL<\/span> (personale amministrativo, commerciale, marketing, legali, amministratori di sistema) ovvero soggetti esterni (come fornitori di servizi tecnici terzi, corrieri postali, hosting provider, societ\u00e0 informatiche, agenzie di comunicazione) nominati anche, se necessario, Responsabili del Trattamento da parte del Titolare.<br \/>\nL\u2019elenco aggiornato dei Responsabili potr\u00e0 sempre essere richiesto al Titolare del Trattamento.<\/p>\n<p><strong>Luogo<\/strong><br \/>\nI Dati sono trattati presso le sedi operative del Titolare.<br \/>\nQualora ci\u00f2 sia strumentale al perseguimento delle finalit\u00e0 indicate al punto 3 i dati potranno essere trasferiti all\u2019estero presso societ\u00e0 aventi sede sia all\u2019interno sia al di fuori dell\u2019Unione Europea. In tal caso, la Societ\u00e0 si impegna a che i Dati siano trattati con la massima riservatezza stipulando, se necessario, accordi che garantiscano un livello di protezione adeguato e\/o adottando le clausole contrattuali standard previste dalla Commissione Europea.<\/p>\n<h3>6. Minori.<\/h3>\n<p>Il Sito e i Servizi del Titolare del trattamento non sono destinati a minori di 18 anni e il Titolare non raccoglie intenzionalmente informazioni personali riferite ai minori. Nel caso in cui informazioni su minori fossero involontariamente registrate, il Titolare le canceller\u00e0 in modo tempestivo, su richiesta degli utenti.<\/p>\n<h3>7. Tempo di conservazione dei dati<\/h3>\n<p>I Dati sono trattati e conservati per il tempo di legge richiesto dalle finalit\u00e0 per le quali sono stati raccolti.<\/p>\n<p>In particolare, a titolo esemplificativo e non esaustivo, per:<br \/>\n&#8211; I Dati Personali raccolti per scopi collegati all\u2019esecuzione di un contratto tra il Titolare e l\u2019Utente saranno trattenuti sino a quando sia completata l\u2019esecuzione di tale contratto;<br \/>\n&#8211; I Dati Personali raccolti per finalit\u00e0 riconducibili all\u2019interesse legittimo del Titolare saranno trattenuti sino al soddisfacimento di tale interesse. L\u2019Utente pu\u00f2 ottenere ulteriori informazioni in merito all\u2019interesse legittimo perseguito dal Titolare nelle relative sezioni di questo documento o contattando il Titolare;<br \/>\n&#8211; il trattamento basato sul consenso dell\u2019Utente, il Titolare pu\u00f2 conservare i Dati Personali pi\u00f9 a lungo sino a quando detto consenso non venga revocato.<br \/>\nInoltre, il Titolare potrebbe essere obbligato a conservare i Dati Personali per un periodo pi\u00f9 lungo in ottemperanza ad un obbligo di legge o per ordine di un\u2019autorit\u00e0 pubblica.<br \/>\nAl termine del periodo di conservazioni i Dati Personali saranno cancellati. Pertanto, allo spirare di tale termine il diritto di accesso, cancellazione, rettificazione ed il diritto alla portabilit\u00e0 dei Dati non potranno pi\u00f9 essere esercitati.<\/p>\n<h3>8. Form dedicati<\/h3>\n<p><strong>Modulo \u201ccontatti\u201d<\/strong><br \/>\nL\u2019Utente, compilando con i propri Dati il modulo di contatti, acconsente al loro utilizzo per rispondere alle richieste di informazioni, di preventivo, o di qualunque altra natura indicata dall\u2019intestazione del modulo.<br \/>\nDati Personali raccolti: nome, cognome e email.<\/p>\n<p><strong>Modulo \u201ccrea un account\u201d<\/strong>\u00a0L\u2019Utente, compilando con i propri Dati il modulo per la creazione di un proprio account, acconsente al loro utilizzo al fine di gestire l\u2019accesso ai servizi on-line e agevolare l\u2019acquisto dei prodotti.<br \/>\nDati Personali raccolti: Azienda, nome, cognome, email, P. Iva, Indirizzo, Dati di Login, Codice fiscale.<\/p>\n<h3>9. Cookies<\/h3>\n<p>Per informazioni sull\u2019uso dei cookies all\u2019interno del Sito, visitare l\u2019apposita\u00a0<a href=\"https:\/\/products.linx.it\/en\/cookie-policy\/\">Informativa sui Cookies<\/a>.<\/p>\n<h3>10. Widget di social network<\/h3>\n<p>I \u201csocial plugin\u201d sono pulsanti presenti sul Sito che raffigurano le icone di social network (come Google Maps, ecc.) e che permettono all\u2019Utente di interagire direttamente con le piattaforme sociali, ad esempio condividendo contenuti.<\/p>\n<h3>11. Pagamenti<\/h3>\n<p>I servizi dei pagamenti permettono attraverso il sito di processare pagamenti tramite carta di credito, bonifico bancario o altri strumenti. I dati utilizzati per il pagamento vengono acquisiti direttamente dal gestore del servizio di pagamento richiesto senza essere in alcun modo trattati da questo sito.<br \/>\nAlcuni di questi servizi potrebbero inoltre permettere l&#8217;invio programmato di messaggi all&#8217;Utente, come email contenenti fatture o notifiche riguardanti il pagamento.<\/p>\n<p><strong>PayPal<\/strong><br \/>\nPayPal \u00e8 un servizio di pagamento fornito da PayPal Inc., che consente all\u2019Utente di effettuare pagamenti online.<br \/>\nDati Personali raccolti: varie tipologie di Dati secondo quanto specificato dalla privacy policy del servizio.<\/p>\n<h3>12. Diritti dell\u2019interessato<\/h3>\n<p>Il Regolamento GDPR garantisce agli interessati una serie di diritti sui propri dati personali trattati dal Titolare del trattamento. In particolare, informiamo che la Legge agli Utenti riconosce i diritti di cui agli artt. 15, 16, 17, 18, 20, 21, 77 e 82 del GDPR (es. di ottenere la conferma dell&#8217;esistenza o meno dei propri dati, la cancellazione dei dati trattati in violazione di legge, la rettifica, l&#8217;opposizione per motivi legittimi al loro utilizzo, ecc.).<\/p>\n<p>Il Titolare si impegna a fornire riscontro entro 30 giorni e, in caso di impossibilit\u00e0 a rispettare tali tempi, a motivare l\u2019eventuale proroga dei termini previsti. Il riscontro avverr\u00e0 a titolo gratuito salvo casi di infondatezza o richieste eccessive per le quali potr\u00e0 essere addebitato un contributo spese non superiore ai costi effettivamente sopportati per la ricerca effettuata.<\/p>\n<p>Per qualsiasi richiesta di informazioni e\/o chiarimenti, domande o reclami sul trattamento dei dati personali e al fine di valere i suoi diritti, l\u2019Utente interessato deve rivolgersi per iscritto all\u2019indirizzo e-mail oppure a mezzo raccomandata a\/r indirizzata al Titolare del trattamento, indicato nel punto 1.<\/p>\n<h3>13. MODIFICHE ALL\u2019INFORMATIVA SULLA PRIVACY.<\/h3>\n<p><span>LINX SRL<\/span> si riserva il diritto di modificare, aggiornare, aggiungere o rimuovere parti della presente Informativa sulla Privacy a propria discrezione e in qualsiasi momento.<\/p>\n<p>L\u2019interessato \u00e8 tenuto a verificare periodicamente le eventuali modifiche pubblicate sulla presente pagina web.<\/p>\n<\/div><\/div><\/div><\/div><\/div><\/div><\/div><\/section>\n","protected":false},"excerpt":{"rendered":"Policy PrivacyData ultimo aggiornamento 12.05.2025 Con il presente documento la LINX SRL, raggiungibile al sito products.linx.it (d\u2019ora in poi, \u201cSito\u201d), informa l\u2019interessato (Utente) che i suoi dati personali, relativi alla navigazione all\u2019interno del Sito medesimo, con accesso diretto dalla homepage oppure attraverso sottopagine, saranno trattati con massima cura e con strumenti atti a garantirne idonea...","protected":false},"author":1,"featured_media":0,"parent":0,"menu_order":0,"comment_status":"closed","ping_status":"open","template":"","meta":{"footnotes":""},"class_list":["post-5124","page","type-page","status-publish","hentry"],"_links":{"self":[{"href":"https:\/\/products.linx.it\/en\/wp-json\/wp\/v2\/pages\/5124","targetHints":{"allow":["GET"]}}],"collection":[{"href":"https:\/\/products.linx.it\/en\/wp-json\/wp\/v2\/pages"}],"about":[{"href":"https:\/\/products.linx.it\/en\/wp-json\/wp\/v2\/types\/page"}],"author":[{"embeddable":true,"href":"https:\/\/products.linx.it\/en\/wp-json\/wp\/v2\/users\/1"}],"replies":[{"embeddable":true,"href":"https:\/\/products.linx.it\/en\/wp-json\/wp\/v2\/comments?post=5124"}],"version-history":[{"count":4,"href":"https:\/\/products.linx.it\/en\/wp-json\/wp\/v2\/pages\/5124\/revisions"}],"predecessor-version":[{"id":8175,"href":"https:\/\/products.linx.it\/en\/wp-json\/wp\/v2\/pages\/5124\/revisions\/8175"}],"wp:attachment":[{"href":"https:\/\/products.linx.it\/en\/wp-json\/wp\/v2\/media?parent=5124"}],"curies":[{"name":"wp","href":"https:\/\/api.w.org\/{rel}","templated":true}]}}