{"id":5127,"date":"2021-09-01T17:25:30","date_gmt":"2021-09-01T15:25:30","guid":{"rendered":"https:\/\/products.astrelgroup.com\/note-legali\/"},"modified":"2025-05-12T15:40:51","modified_gmt":"2025-05-12T13:40:51","slug":"legal-notes","status":"publish","type":"page","link":"https:\/\/products.linx.it\/en\/legal-notes\/","title":{"rendered":"Legal Notes"},"content":{"rendered":"<section class=\"l-section wpb_row height_large\"><div class=\"l-section-h i-cf\"><div class=\"g-cols vc_row via_flex valign_top type_default stacking_default\"><div class=\"vc_col-sm-12 wpb_column vc_column_container\"><div class=\"vc_column-inner\"><div class=\"wpb_wrapper\"><h2 class=\"w-post-elm post_title entry-title color_link_inherit\">Legal Notes<\/h2><div class=\"wpb_text_column\"><div class=\"wpb_wrapper\"><p><em>Data ultimo aggiornamento 12.05.2025<\/em><\/p>\n<h3>PREMESSA.<\/h3>\n<p>Il presente sito web, raggiungibile alla URL products.linx.it (d\u2019ora in poi, \u201cSito\u201d), di propriet\u00e0 esclusiva della <span>LINX SRL<\/span> con sede in <span>Via Don Egidio Peruzzi 28\/D \u2013 36027 Ros\u00e0 (VI)<\/span>, P.IVA <span>IT 02349200242<\/span>.<br \/>\nIl suo utilizzo, e la relativa navigazione tra le sue pagine, comporta l\u2019accettazione integrale delle presenti Note Legali (condizioni contrattuali di utilizzo del Sito), cos\u00ec come dell\u2019<a href=\"https:\/\/products.linx.it\/en\/policy-privacy-en\/\">Informativa Privacy<\/a>, dell\u2019<a href=\"https:\/\/products.linx.it\/en\/cookie-policy\/\">Informativa sui Cookies<\/a>\u00a0e di qualsiasi altra nota, avviso legale, informativa o disclaimer ovunque pubblicati nel Sito stesso, da ritenersi tutti giuridicamente vincolanti per i visitatori del Sito.<\/p>\n<p>L\u2019Utente che non intenda accettare uno o pi\u00f9 delle Note Legali di seguito riportati \u00e8 invitato a terminare immediatamente la visita del Sito.<\/p>\n<p>L\u2019Utente si impegna ad utilizzare il sito e qualsiasi dato, informazione, materiale disponibili al suo interno esclusivamente per finalit\u00e0 lecite, in conformit\u00e0 alle presenti Note Legali, permanendo interamente a suo carico qualsivoglia responsabilit\u00e0 derivante da un\u2019utilizzazione illecita dei contenuti e\/o dalla violazione di qualsiasi normativa.<\/p>\n<h3>1. MODIFICA E DURATA DELLE NOTE LEGALI DEL SITO.<\/h3>\n<p>1.1. Il contenuto di queste Note Legali pu\u00f2 essere modificato, senza alcun preavviso, a discrezione della <span>LINX SRL.<\/span>\u00a0Gli Utenti sono pertanto tenuti a prenderne costante visione per essere sempre informati sulle condizioni applicate.<br \/>\n1.2. Le presenti Note Legali e le eventuali successive modifiche, pubblicate comunque sul Sito, resteranno pienamente in vigore per tutto il tempo di utilizzo dello stesso, dei relativi contenuti, materiali e\/o servizi, da parte dell\u2019Utente.<br \/>\n1.3. Anche successivamente alla cessazione dell\u2019utilizzo del Sito, rimarranno in vigore e saranno vincolanti, in quanto aventi natura ultrattiva, le disposizioni delle presenti Note in materia di:<\/p>\n<ul class=\"privacy_list\">\n<li>a. esclusione e limitazione di responsabilit\u00e0 in capo alla <span>LINX SRL<\/span>;<\/li>\n<li>b. legge applicabile al contratto e alla sua esecuzione;<\/li>\n<li>c. foro competente a conoscere le eventuali controversie.<\/li>\n<\/ul>\n<p>1.4. In caso di servizi offerti a pagamento, saranno rese note agli Utenti le modifiche relative a funzionalit\u00e0\/limitazioni dei servizi e\/o ai prezzi dei medesimi.<\/p>\n<h3>2. FINALIT\u00c0 DEL SITO.<\/h3>\n<p>2.1. Il Sito ha finalit\u00e0 esclusivamente informative e illustrative. Le informazioni in esso contenute sono fruibili a titolo gratuito, nel rispetto delle presenti Note Legali.<br \/>\n2.2. Quanto pubblicato all\u2019interno del Sito non ha, in ogni caso, carattere di periodicit\u00e0 e pertanto non costituisce \u201cprodotto editoriale\u201d ai sensi e per gli effetti della Legge n. 62\/2001.<br \/>\n2.3. Agli Utenti \u2013 previa autorizzazione \u2013 viene data la possibilit\u00e0 d\u2019interagire, attraverso appositi widget installati sul Sito, con i social network per la condivisione delle informazioni pubblicate.<\/p>\n<h3>3. INTERRUZIONE E SOSPENSIONE DEL SITO.<\/h3>\n<p>3.1. La <span>LINX SRL<\/span> si riserva, in ogni tempo, il diritto di interrompere o sospendere, momentaneamente o permanentemente, l\u2019accesso al sito o a singole pagine o contenuti dello stesso.<br \/>\n3.2. L\u2019Utente riconosce che, per tali operazioni, la <span>LINX SRL<\/span> non potr\u00e0 in alcun modo essere ritenuto responsabile verso l\u2019utenza o verso terzi.<\/p>\n<h3>4. CONTENUTI E COPYRIGHT.<\/h3>\n<p>4.1. L\u2019intero Sito, ivi comprese le pagine che lo compongono, le idee, i loghi, i marchi, la veste grafica, i contenuti, i materiali audio\/video, e pi\u00f9 in generale ogni altra creativit\u00e0 connessa al Sito e ai servizi, sono di propriet\u00e0 della <span>LINX SRL.<\/span><br \/>\n4.2. Tali materiali non possono essere riprodotti, usati o rappresentati dagli Utenti, ad eccezione dei casi ed entro i limiti espressamente riconosciuti o nei casi e nei limiti consentiti dalla legge.<br \/>\n4.3. All\u2019Utente viene concesso un diritto d\u2019utilizzo del Sito e\/o dei servizi non trasferibile, limitato a un utilizzo privato.<br \/>\n4.4. Gli Utenti si assumono la responsabilit\u00e0 di commenti e informazioni di qualsiasi tipo da essi eventualmente pubblicati trasmessi o diffusi o resi accessibili sul Sito o tramite i servizi, e sono i soli responsabili per eventuali danni occorsi direttamente e\/o indirettamente a terzi. Gli Utenti si impegnano, pertanto, a manlevare e tenere indenne la <span>LINX SRL<\/span> da ogni eventuale pretesa risarcitoria da parte di terzi derivante dalla loro condotta.<br \/>\n4.5. La <span>LINX SRL<\/span> si riserva di non pubblicare commenti offensivi, che violino le leggi vigenti o contengano messaggi pubblicitari o spam.<br \/>\n4.6. La <span>LINX SRL<\/span> si impegna a rimuovere, il pi\u00f9 celermente possibile, i contenuti giudicati illeciti, dichiarati tali con provvedimento dell\u2019Autorit\u00e0 Giudiziaria.<\/p>\n<h3>5. LIMITAZIONE DI RESPONSABILIT\u00c0.<\/h3>\n<p>5.1. Il Sito viene offerto \u201ccos\u00ec com\u2019\u00e8\u201d.<br \/>\n5.2. L\u2019Utente conviene e concorda che la <span>LINX SRL<\/span> non potr\u00e0 essere ritenuta inadempiente alle proprie obbligazioni, n\u00e9 tantomeno responsabile per ritardi, malfunzionamenti nella prestazione del Sito e danni, diretti o indiretti, occorsi all\u2019Utente o a terzi, derivanti da eventi indipendenti dal suo ragionevole e materiale controllo, quali, a titolo meramente esemplificativo e non esaustivo:<\/p>\n<ul class=\"privacy_list\">\n<li>a. mancato e\/o difettoso funzionamento dei servizi forniti da operatori di telecomunicazioni e\/o delle apparecchiature e linee elettriche, nonch\u00e9 di collegamenti telefonici, telematici e\/o cibernetici, non gestiti direttamente dalla <span>LINX SRL<\/span> o da persone per le quali debba egli rispondere;<\/li>\n<li>b. malfunzionamento dei terminali o degli altri sistemi di comunicazione utilizzati dall\u2019Utente;<\/li>\n<li>c. azioni di altri utenti o di altri soggetti accedenti alla Rete;<\/li>\n<li>d. altri eventi derivanti da caso fortuito e\/o cause di forza maggiore.<\/li>\n<\/ul>\n<p>5.3. In caso di interruzione della funzionalit\u00e0 del Sito, la <span>LINX SRL<\/span> si impegna a ripristinarlo nel minor tempo possibile.<\/p>\n<h3>6. SITI WEB E CONTENUTI DI TERZE PARTI.<\/h3>\n<p>6.1. Il Sito contiene collegamenti (o link) a siti web, contenuti e materiali memorizzati su server di terze parti, non monitorati o controllati in alcuna maniera dalla <span>LINX SRL<\/span> e, pertanto, si declina ogni tipo di responsabilit\u00e0 per loro contenuto, accuratezza, funzionamento, liceit\u00e0, affidabilit\u00e0, politiche sul trattamento dei dati personali, o altre politiche o informative.<br \/>\n6.2. La semplice possibilit\u00e0 di accedere direttamente dal Sito a tali siti, contenuti e materiali non implica, di per s\u00e9, l\u2019approvazione o la sponsorizzazione di questi ultimi e, per tali ragioni, non si risponder\u00e0 di ogni tipo di perdita, danno o costo sofferto dall\u2019Utente o da terzi. Non si garantisce, altres\u00ec, che tali siti, contenuti e materiali siano costantemente aggiornati.<br \/>\n6.3. Decidendo di accedere a siti, contenuti e materiali di terze parti, l\u2019Utente riconosce e accetta che le presenti note legali, cos\u00ec come l\u2019Informativa Privacy, l\u2019Informativa sui Cookies e ogni altra nota, avviso legale, informativa o disclaimer ovunque pubblicati nel Sito non sono pi\u00f9 validi su tali siti, contenuti e materiali di terze parti.<br \/>\n6.4. La <span>LINX SRL<\/span> in ottemperanza all\u2019attuale normativa e al consolidato orientamento giurisprudenziale, consente la pubblicazione di collegamenti (link) al Sito. Vieta rigorosamente, invece, il framing alle proprie pagine, ovverosia l\u2019inglobamento di una pagina web all\u2019interno di un altro sito, con impedimento del riconoscimento della paternit\u00e0 dei contenuti.<br \/>\n6.5. La <span>LINX SRL<\/span> si riserva di intraprendere ogni tipo di azione a tutela dei propri diritti ed interessi legittimi laddove subisca, per comportamento dell\u2019Utente o di terzi, un qualsiasi danno patrimoniale e non patrimoniale, tra cui, a titolo esemplificativo e non esaustivo, danni a onore, reputazione, immagine.<\/p>\n<h3>7. LEGGE APPLICABILE E FORO COMPETENTE.<\/h3>\n<p>7.1. Le presenti Note Legali e i rapporti tra la <span>LINX SRL<\/span>, titolare del Sito, e gli Utenti sono assoggettati all\u2019applicazione delle leggi italiane.<br \/>\n7.2. Tutte le controversie eventualmente sorgenti tra <span>LINX SRL<\/span> e gli Utenti, connesse o comunque collegate all\u2019utilizzo del presente Sito (e relativi contenuti, materiali e servizi) sono riservate alla giurisdizione italiana e di competenza territoriale esclusiva del Foro di Padova.<\/p>\n<h3>8. PROTEZIONE DEI DATI PERSONALI SUL SITO.<\/h3>\n<p>8.1. Gli Utenti possono accedere al Sito e navigare al suo interno senza rivelare la propria identit\u00e0 o fornire alcun dato personale, salvo quanto eventualmente previsto dall\u2019<a href=\"https:\/\/products.linx.it\/en\/cookie-policy\/\">Informativa sui Cookies<\/a>.<br \/>\n8.2. Qualora l\u2019Utente voglia ricevere informazioni o contatta la <span>LINX SRL<\/span> attraverso lo specifico modulo di contatto, dovr\u00e0 fornire alcuni dati personali mediante la sua compilazione. Prima di conferire i propri dati personali, l\u2019Utente \u00e8 invitato a leggere l\u2019<a href=\"https:\/\/products.linx.it\/en\/policy-privacy-en\/\">Informativa sulla Privacy<\/a>\u00a0e a rilasciare il proprio consenso attraverso il medesimo modulo di contatto.<br \/>\n8.3. L\u2019Utente \u00e8 pregato di astenersi dal comunicare, mediante il modulo di contatto o a mezzo e-mail, propri dati sensibili (ai sensi dell\u2019art. 9 del Regolamento EU 679\/2016 in materia di protezione dei dati personali),<br \/>\n8.4. La <span>LINX SRL<\/span> dichiara che il trattamento dei dati personali dell\u2019Utente, acquisiti nell\u2019ambito della navigazione e della fruizione delle funzionalit\u00e0 del Sito, avverr\u00e0 e avviene nel pieno rispetto degli obblighi previsti dal Regolamento EU 679\/2016 e secondo le modalit\u00e0 e gli scopi appositamente specificati nell\u2019<a href=\"https:\/\/products.linx.it\/en\/policy-privacy-en\/\">Informativa sulla Privacy<\/a>, che l\u2019Utente riconosce e dichiara di aver specificatamente visionato.<\/p>\n<\/div><\/div><\/div><\/div><\/div><\/div><\/div><\/section>\n","protected":false},"excerpt":{"rendered":"Legal NotesData ultimo aggiornamento 12.05.2025 PREMESSA. Il presente sito web, raggiungibile alla URL products.linx.it (d\u2019ora in poi, \u201cSito\u201d), di propriet\u00e0 esclusiva della LINX SRL con sede in Via Don Egidio Peruzzi 28\/D \u2013 36027 Ros\u00e0 (VI), P.IVA IT 02349200242. Il suo utilizzo, e la relativa navigazione tra le sue pagine, comporta l\u2019accettazione integrale delle presenti...","protected":false},"author":1,"featured_media":0,"parent":0,"menu_order":0,"comment_status":"closed","ping_status":"open","template":"","meta":{"footnotes":""},"class_list":["post-5127","page","type-page","status-publish","hentry"],"_links":{"self":[{"href":"https:\/\/products.linx.it\/en\/wp-json\/wp\/v2\/pages\/5127","targetHints":{"allow":["GET"]}}],"collection":[{"href":"https:\/\/products.linx.it\/en\/wp-json\/wp\/v2\/pages"}],"about":[{"href":"https:\/\/products.linx.it\/en\/wp-json\/wp\/v2\/types\/page"}],"author":[{"embeddable":true,"href":"https:\/\/products.linx.it\/en\/wp-json\/wp\/v2\/users\/1"}],"replies":[{"embeddable":true,"href":"https:\/\/products.linx.it\/en\/wp-json\/wp\/v2\/comments?post=5127"}],"version-history":[{"count":4,"href":"https:\/\/products.linx.it\/en\/wp-json\/wp\/v2\/pages\/5127\/revisions"}],"predecessor-version":[{"id":8154,"href":"https:\/\/products.linx.it\/en\/wp-json\/wp\/v2\/pages\/5127\/revisions\/8154"}],"wp:attachment":[{"href":"https:\/\/products.linx.it\/en\/wp-json\/wp\/v2\/media?parent=5127"}],"curies":[{"name":"wp","href":"https:\/\/api.w.org\/{rel}","templated":true}]}}