{"id":7405,"date":"2023-01-31T18:25:13","date_gmt":"2023-01-31T17:25:13","guid":{"rendered":"https:\/\/products.astrelgroup.com\/?page_id=7405"},"modified":"2025-05-15T14:23:04","modified_gmt":"2025-05-15T12:23:04","slug":"cookie-policy","status":"publish","type":"page","link":"https:\/\/products.linx.it\/en\/cookie-policy\/","title":{"rendered":"Cookie Policy"},"content":{"rendered":"<section class=\"l-section wpb_row height_large\"><div class=\"l-section-h i-cf\"><div class=\"g-cols vc_row via_flex valign_top type_default stacking_default\"><div class=\"vc_col-sm-12 wpb_column vc_column_container\"><div class=\"vc_column-inner\"><div class=\"wpb_wrapper\"><h2 class=\"w-post-elm post_title entry-title color_link_inherit\">Cookie Policy<\/h2><div class=\"wpb_text_column\"><div class=\"wpb_wrapper\"><p><em>Data ultimo aggiornamento 12.05.2025<\/em><\/p>\n<p>Ai sensi degli artt. 13 e 14 del Regolamento EU 679\/2016 nonch\u00e9 in base a quanto previsto dal Provvedimento generale del Garante privacy dell\u20198 maggio 2014, la <span>LINX SRL<\/span>, con sede in <span>Via Don Egidio Peruzzi 28\/D \u2013 36027 Ros\u00e0 (VI)<\/span>, P.IVA <span> IT 02349200242<\/span>, Titolare del trattamento dei dati personali, fornisce agli Utenti del sito products.astrelgroup.com alcune informazioni relative ai cookies da esso utilizzati.<\/p>\n<h3>Cosa sono i cookies?<\/h3>\n<p>I \u201ccookies\u201d sono piccoli file di testo, creati automaticamente al momento dell\u2019accesso a un determinato sito, aventi lo scopo di eseguire autenticazioni informatiche, monitoraggio di sessioni e memorizzazione di informazioni specifiche riguardanti l\u2019Utente e la sua visita.<br \/>Pi\u00f9 specificamente, i cookies sono inviati dal server (luogo fisico in cui risiede il sito) del sito web visitato al browser dell\u2019utente (Internet Explorer, Mozilla Firefox, Google Chrome, ecc.), vengono memorizzati in locale sul computer di quest\u2019ultimo, per poi essere ritrasmessi, alla successiva visita, allo stesso sito.<br \/>Nel corso della navigazione, l\u2019utente potrebbe ricevere sul proprio terminale anche cookies di siti esterni (cookies di terze parti), impostati e utilizzati direttamente dai gestori di questi ultimi, con le modalit\u00e0 e secondo le finalit\u00e0 dagli stessi definiti.<br \/>I cookies, infine, possono permanere sul computer dell\u2019utente per lunghi periodi o per periodi brevi, a seconda delle loro caratteristiche.<\/p>\n<h3>Tipologie di cookies.<\/h3>\n<\/p>\n<ul>\n<li><strong>Cookies di sessione<\/strong>: La loro durata corrisponde alla sessione di utilizzo del browser e si cancellano automaticamente alla chiusura di quest\u2019ultimo.<\/li>\n<li><strong>Cookies persistenti<\/strong>: Sono costanti e rimangono memorizzati sul terminale anche oltre la sessione di utilizzo del browser, fino alla data di scadenza prevista.<\/li>\n<li><strong>Cookies di prima parte<\/strong>: Appartengono al sito web visitato, il quale che li trasmette direttamente al visitatore.<\/li>\n<li><strong>Cookies di terza parte<\/strong>: Provengono da siti terzi rispetto a quello visitato. Su di essi e sulle relative informazioni il titolare del sito visitato non ha alcun controllo. La loro eventuale disabilitazione non pregiudica in alcun modo la navigabilit\u00e0.<br \/>\nL\u2019utilizzo di questi cookies \u00e8 disciplinato dalle regole predisposte dalle terze parti e, pertanto, per gestire o disabilitare tali cookies gli utenti dovranno prendere visione delle informative privacy e delle indicazioni pubblicate sui siti web di tali terze parti.<\/li>\n<\/ul>\n<p>&nbsp;<\/p>\n<h3>Categorie di cookies.<\/h3>\n<\/p>\n<h4>Cookies tecnici o strettamente necessari:<\/h4>\n<p>I cookies tecnici, di navigazione o di sessione, garantiscono la normale navigazione e fruizione del sito web. Ai sensi del Provvedimento del Garante dell\u20198 maggio 2014, per il loro utilizzo non \u00e8 richiesto alcun consenso da parte dell\u2019interessato.<\/p>\n<h4>Cookies di prestazione:<\/h4>\n<p>I cookies di prestazione raccolgono, in forma anonima e aggregata e al fine di migliorare il funzionamento del sito, informazioni sulle modalit\u00e0 di utilizzo e navigazione del sito, come, a titolo esemplificativo, le pagine visitate con maggiore frequenza e quelle che riportano messaggi di errore.<\/p>\n<h4>Cookies funzionali:<\/h4>\n<p>I cookies funzionali memorizzano le informazioni sulle scelte compiute dagli utenti, in modo da migliorare funzionalit\u00e0 e personalizzazione del sito in base alle necessit\u00e0, attraverso funzionalit\u00e0 avanzate come, a titolo esemplificativo, la selezione automatica della lingua, la visione di video di piattaforme esterne (ad esempio, YouTube) e la condivisione e pubblicazione di contenuti sui social network.<\/p>\n<h4>Cookies presenti sul sito:<\/h4>\n<p><script type=\"text\/javascript\" charset=\"UTF-8\" data-cookiescriptreport=\"report\" src=\"\/\/report.cookie-script.com\/r\/48d25b77a6a0c6b75f11d9e5bdc03932.js\"><\/script><\/p>\n<h4>Cookies di profilazione o pubblicitari:<\/h4>\n<p>I cookies di profilazione monitorano e profilano gli utenti nel corso della navigazione, studiando e memorizzando le loro opzioni e abitudini di navigazione sul sito e sul web in generale, nonch\u00e9 le abitudini di consumo, anche allo scopo di inviare pubblicit\u00e0 di servizi mirati e personalizzati.<\/p>\n<p><strong>Il sito products.linx.it NON utilizza cookies di profilazione o pubblicitari.<\/strong><\/p>\n<h4>Cookies analitici:<\/h4>\n<p>I cookies analitici sono utilizzati per raccogliere informazioni sull\u2019utilizzo delle varie sezioni del sito e su come gli utenti interagiscano con esso, per analisi statistiche sulla visualizzazione delle pagine, sul numero di visitatori e sul tempo di visita, per migliorare nel tempo il sito stesso e semplificarne l\u2019utilizzo, oltre che per monitorarne il corretto funzionamento.<br \/>Le informazioni sono raccolte in forma anonima e aggregata e sono utilizzate a fini strettamente statistici, senza conservazione di alcun dato personale degli utenti.<br \/>I cookies analitici vengono inviati dal sito stesso o da domini di terze parti.<\/p>\n<p><strong>Cookies analitici utilizzati nel sito products.linx.it:<\/strong>\u00a0Il sito utilizza Google Analytics, un servizio di analisi web, fornito dalla terza parte Google LLC (\u201cGoogle\u201d), che utilizza cookies analitici che vengono installati sul computer dell\u2019utente per raccogliere dati e compiere analisi statistiche, in forma aggregata e anonima, sull\u2019utilizzo del sito web visitato.<br \/>Nella pagina web\u00a0<a href=\"https:\/\/www.google.com\/analytics\/learn\/privacy.html?hl=it\" target=\"_blank\" rel=\"noopener\">https:\/\/www.google.com\/analytics\/learn\/privacy.html?hl=it<\/a>\u00a0si possono trovare maggiori informazioni su tale servizio.<br \/>La Privacy Policy di Google (<a href=\"https:\/\/www.google.com\/intl\/it\/policies\/privacy\" target=\"_blank\" rel=\"noopener\">https:\/\/www.google.com\/intl\/it\/policies\/privacy<\/a>) disciplina, invece, il trattamento dei dati personali degli utenti che utilizzano i prodotti e i servizi Google.<br \/>L\u2019elenco dei cookies utilizzati da Google Analytics \u00e8 reperibile al seguente indirizzo:\u00a0<a href=\"https:\/\/developers.google.com\/analytics\/devguides\/collection\/analyticsjs\/cookie-usage\" target=\"_blank\" rel=\"noopener\">https:\/\/developers.google.com\/analytics\/devguides\/collection\/analyticsjs\/cookie-usage<\/a>.<\/p>\n<table class=\"cookie_table\">\n<tbody>\n<tr>\n<th colspan=\"3\">Cookies di Terze Parti, Google Analytics utilizzati nel sito products.linx.it<\/th>\n<\/tr>\n<tr class=\"subtitles\">\n<td>Nome del cookie<\/td>\n<td>Descrizione<\/td>\n<td>Durata<\/td>\n<\/tr>\n<tr>\n<td>_ga<\/td>\n<td>Usato da Google Analytics per identificare gli utenti<\/td>\n<td>2 anni<\/td>\n<\/tr>\n<tr>\n<td>_gid<\/td>\n<td>Usato da Google Analytics per identificare gli utenti<\/td>\n<td>24 ore<\/td>\n<\/tr>\n<tr>\n<td>_gat<\/td>\n<td><em>(relativo all&#8217;account Analytics principale collegato al sito)<\/em><br \/>\nUsato da Google Analytics per aumentare la velocit\u00e0 della richiesta<\/td>\n<td>1 minuto<\/td>\n<\/tr>\n<tr>\n<td>_gat_XXXX<\/td>\n<td><em>(uno o pi\u00f9, relativi ad account Analytics aggiuntivi rispetto al primo, con &#8220;xxxx&#8221; sostituito da un identificativo univoco di ciascun account)<\/em><br \/>\nUsato da Google Analytics per aumentare la velocit\u00e0 della richiesta<\/td>\n<td>1 minuto<\/td>\n<\/tr>\n<tr>\n<td>_dc_gtm_UA-XXXX<\/td>\n<td><em>(un cookie per ogni propriet\u00e0 Analytics collegata al sito con tecnologia Google Tag Manager, con &#8220;XXXX&#8221; sostituito dall\u2019ID della propriet\u00e0)<\/em><br \/>\nUsato da Google Analytics per aumentare la velocit\u00e0 della richiesta<\/td>\n<td>1 minuto<\/td>\n<\/tr>\n<\/tbody>\n<\/table>\n<p>&nbsp;<\/p>\n<h4>Cookies utilizzati da plugin di Google.<\/h4>\n<p>I cookies trasmessi da plugin di servizi di Google (di propriet\u00e0 di Google LLC) sono necessari affinch\u00e9 gli Utenti possano accedere ai contenuti o ai servizi di questi ultimi, come le mappe di Google Maps, ecc. Le informazioni raccolte dai plugin di Google sul Sito, compreso l\u2019indirizzo IP dell\u2019Utente, possono essere inviate a Google e memorizzati sui suoi server. Questa informazione \u00e8 gestita interamente da Google stessa. Questi cookies non identificano gli Utenti individualmente, a meno che essi non abbiano fatto accesso al loro eventuale account Google, nel qual caso sono legati a detto account Google.<\/p>\n<p>Questi servizi, cos\u00ec come tutti i servizi di Google in generale, sono regolati dalle rispettive condizioni contrattuali e policies in materia di privacy e cookies, reperibili agli indirizzi elencati di seguito.<\/p>\n<p><strong>Google Maps.<\/strong><br \/>Il Sito utilizza il servizio Google Maps per visualizzare la localizzazione geografica presso la quale svolge la propria attivit\u00e0 la societ\u00e0 ed \u00e8 reperibile.<br \/>Consulta la relativa\u00a0<a href=\"https:\/\/policies.google.com\/?hl=it\" target=\"_blank\" rel=\"noopener\">privacy policy<\/a>.<\/p>\n<h3>Modalit\u00e0\u00a0del trattamento.<\/h3>\n<p>Il trattamento viene svolto con strumenti elettronici e automatizzati, senza diffusione o comunicazione a terzi.<\/p>\n<h3>Conferimento dei dati.<\/h3>\n<p>Fatta eccezione per i cookies tecnici strettamente necessari alla normale navigazione, il conferimento dei dati \u00e8 rimesso alla volont\u00e0 dell\u2019interessato che decida di navigare sul sito dopo aver preso visione, all\u2019accesso, dell\u2019informativa breve contenuta nell\u2019apposito banner.<br \/>Per evitare l\u2019installazione dei cookies \u00e8 possibile disabilitare questa funzione attraverso le apposite funzioni disponibili sul proprio browser (si veda, sotto, la voce \u201cDisattivazione dei cookies\u201d).<\/p>\n<h3>Come possono modificare le mie preferenze sui cookie?<\/h3>\n<p>Lei pu\u00f2 in qualsiasi momento, cliccando sul loghino in basso a sinistra \u201c<em>Impostazione dei Cookie<\/em>\u201d, Modificare attraverso il tastino \u201cMostra dettagli\u201d e successivamente Accettare\/Rifiutare le scelte precedentemente effettuate.<\/p>\n<h3>Disattivazione dei cookies.<\/h3>\n<p>Fermo restando quanto sopra indicato in ordine ai cookies strettamente necessari alla navigazione, per procedere alla disattivazione dei cookie e\/o scegliere il desiderato livello di blocco l\u2019utente potr\u00e0 avvalersi del proprio browser,\u00a0modificandone le impostazioni.<\/p>\n<p>Poich\u00e9 ciascun browser &#8211; e spesso diverse versioni dello stesso browser &#8211; differiscono anche sensibilmente le une dalle altre se preferisce agire autonomamente mediante le preferenze del Suo browser pu\u00f2 trovare informazioni dettagliate sulla procedura necessaria nella guida del Suo browser. Per una panoramica delle modalit\u00e0 di azione per i browser pi\u00f9 comuni, pu\u00f2 visitare l&#8217;indirizzo\u00a0<a href=\"https:\/\/www.cookiepedia.co.uk\/\" target=\"_blank\" rel=\"noopener\">www.cookiepedia.co.uk<\/a>. Le societ\u00e0 pubblicitarie consentono inoltre di rinunciare alla ricezione di annunci mirati, se lo si desidera. Ci\u00f2 non impedisce l&#8217;impostazione dei cookie, ma interrompe l&#8217;utilizzo e la raccolta di alcuni dati da parte di tali societ\u00e0.<\/p>\n<p>Ulteriori richieste in materia di privacy possono essere inviate via e-mail a\u00a0<a href=\"mailto:ecommerce@linx.it\">ecommerce@linx.it<\/a>.<\/p>\n<\/div><\/div><\/div><\/div><\/div><\/div><\/div><\/section>\n","protected":false},"excerpt":{"rendered":"Cookie PolicyData ultimo aggiornamento 12.05.2025 Ai sensi degli artt. 13 e 14 del Regolamento EU 679\/2016 nonch\u00e9 in base a quanto previsto dal Provvedimento generale del Garante privacy dell\u20198 maggio 2014, la LINX SRL, con sede in Via Don Egidio Peruzzi 28\/D \u2013 36027 Ros\u00e0 (VI), P.IVA IT 02349200242, Titolare del trattamento dei dati personali,...","protected":false},"author":1,"featured_media":0,"parent":0,"menu_order":0,"comment_status":"closed","ping_status":"closed","template":"","meta":{"footnotes":""},"class_list":["post-7405","page","type-page","status-publish","hentry"],"_links":{"self":[{"href":"https:\/\/products.linx.it\/en\/wp-json\/wp\/v2\/pages\/7405","targetHints":{"allow":["GET"]}}],"collection":[{"href":"https:\/\/products.linx.it\/en\/wp-json\/wp\/v2\/pages"}],"about":[{"href":"https:\/\/products.linx.it\/en\/wp-json\/wp\/v2\/types\/page"}],"author":[{"embeddable":true,"href":"https:\/\/products.linx.it\/en\/wp-json\/wp\/v2\/users\/1"}],"replies":[{"embeddable":true,"href":"https:\/\/products.linx.it\/en\/wp-json\/wp\/v2\/comments?post=7405"}],"version-history":[{"count":7,"href":"https:\/\/products.linx.it\/en\/wp-json\/wp\/v2\/pages\/7405\/revisions"}],"predecessor-version":[{"id":8187,"href":"https:\/\/products.linx.it\/en\/wp-json\/wp\/v2\/pages\/7405\/revisions\/8187"}],"wp:attachment":[{"href":"https:\/\/products.linx.it\/en\/wp-json\/wp\/v2\/media?parent=7405"}],"curies":[{"name":"wp","href":"https:\/\/api.w.org\/{rel}","templated":true}]}}